{"id":126330,"date":"2019-08-22T10:15:35","date_gmt":"2019-08-22T09:15:35","guid":{"rendered":"https:\/\/lajverwine.com\/webshop\/lajver-jedna-ukrasna-kutija-sa-flasom\/"},"modified":"2021-05-18T17:36:03","modified_gmt":"2021-05-18T15:36:03","slug":"lajver-jedna-ukrasna-kutija-sa-flasom","status":"publish","type":"product","link":"https:\/\/lajverwine.com\/sr\/termek\/lajver-jedna-ukrasna-kutija-sa-flasom\/","title":{"rendered":"lajver jedna ukrasna kutija sa fla\u0161om"},"content":{"rendered":"<p>Ako ho\u0107ete da poklonite jedno od na\u0161ih vina dragom prijatelju ili poslovnom partneru, sada mo\u017eete da kupite i poklon kutiju koja savr\u0161eno odgovara Va\u0161em stilu!<br \/>\nZbog razli\u010ditih veli\u010dina boca, vina Pino Noar Limited, Kikfranko\u0161 Limited i serija 2012 nisu pogodne za pojedine poklon-kutije.<\/p>\n","protected":false},"excerpt":{"rendered":"<p>Sa jednom ukrasnom kutijom mo\u0107i \u0107ete da upakujete 1 fla\u0161u vina<\/p>\n","protected":false},"featured_media":126331,"template":"","meta":{"_acf_changed":false},"product_brand":[],"product_cat":[127,177],"product_tag":[],"class_list":{"0":"post-126330","1":"product","2":"type-product","3":"status-publish","4":"has-post-thumbnail","6":"product_cat-csomag-ajanlatok-sr","7":"product_cat-diszdoboz-sr","9":"first","10":"instock","11":"shipping-taxable","12":"purchasable","13":"product-type-simple"},"acf":[],"_links":{"self":[{"href":"https:\/\/lajverwine.com\/sr\/wp-json\/wp\/v2\/product\/126330","targetHints":{"allow":["GET"]}}],"collection":[{"href":"https:\/\/lajverwine.com\/sr\/wp-json\/wp\/v2\/product"}],"about":[{"href":"https:\/\/lajverwine.com\/sr\/wp-json\/wp\/v2\/types\/product"}],"wp:featuredmedia":[{"embeddable":true,"href":"https:\/\/lajverwine.com\/sr\/wp-json\/wp\/v2\/media\/126331"}],"wp:attachment":[{"href":"https:\/\/lajverwine.com\/sr\/wp-json\/wp\/v2\/media?parent=126330"}],"wp:term":[{"taxonomy":"product_brand","embeddable":true,"href":"https:\/\/lajverwine.com\/sr\/wp-json\/wp\/v2\/product_brand?post=126330"},{"taxonomy":"product_cat","embeddable":true,"href":"https:\/\/lajverwine.com\/sr\/wp-json\/wp\/v2\/product_cat?post=126330"},{"taxonomy":"product_tag","embeddable":true,"href":"https:\/\/lajverwine.com\/sr\/wp-json\/wp\/v2\/product_tag?post=126330"}],"curies":[{"name":"wp","href":"https:\/\/api.w.org\/{rel}","templated":true}]}}