{"id":126375,"date":"2020-12-14T14:37:27","date_gmt":"2020-12-14T13:37:27","guid":{"rendered":"https:\/\/lajverwine.com\/webshop\/lajver-cerszegi-fiseres-lozovaca\/"},"modified":"2021-11-27T00:00:19","modified_gmt":"2021-11-26T22:00:19","slug":"lajver-cerszegi-fiseres-lozovaca","status":"publish","type":"product","link":"https:\/\/lajverwine.com\/sr\/termek\/lajver-cerszegi-fiseres-lozovaca\/","title":{"rendered":"Lajver \u010cerszegi Fisere\u0161 Lozova\u010da"},"content":{"rendered":"<p>\u010cersegi Fisere\u0161 rakija<\/p>\n<p>Sortne karakteristike za\u010dinjenog gro\u017e\u0111a \u010cerseg mogu se lepo nac\u0301i u \u010da\u0161i. Aromu odlikuje fina voc\u0301nost, pikantnost tipi\u010dna za sortu koju dopunjuju citrusne i biljne note. Punog tela i slo\u017een u ustima, cvetanje sorte prati prijatna oporost citrusa. Mladala\u010dka, \u017eivahna rakija od gro\u017e\u0111a, pravo letnje pic\u0301e.<\/p>\n<p>Alkohol: 43\u00b0<br \/>\nPakovanje: 0,5 l<br \/>\nGodi\u0161te: 2020<\/p>\n","protected":false},"excerpt":{"rendered":"<p>Alkohol: 43\u00b0<br \/>\nPakovanje: 0,5 l<br \/>\nGodi\u0161te: 2020<\/p>\n","protected":false},"featured_media":126376,"template":"","meta":{"_acf_changed":false},"product_brand":[],"product_cat":[140,137],"product_tag":[],"class_list":{"0":"post-126375","1":"product","2":"type-product","3":"status-publish","4":"has-post-thumbnail","6":"product_cat-limited-sr","7":"product_cat-kiemelt-termekek-sr","9":"first","10":"instock","11":"shipping-taxable","12":"purchasable","13":"product-type-simple"},"acf":[],"_links":{"self":[{"href":"https:\/\/lajverwine.com\/sr\/wp-json\/wp\/v2\/product\/126375","targetHints":{"allow":["GET"]}}],"collection":[{"href":"https:\/\/lajverwine.com\/sr\/wp-json\/wp\/v2\/product"}],"about":[{"href":"https:\/\/lajverwine.com\/sr\/wp-json\/wp\/v2\/types\/product"}],"wp:featuredmedia":[{"embeddable":true,"href":"https:\/\/lajverwine.com\/sr\/wp-json\/wp\/v2\/media\/126376"}],"wp:attachment":[{"href":"https:\/\/lajverwine.com\/sr\/wp-json\/wp\/v2\/media?parent=126375"}],"wp:term":[{"taxonomy":"product_brand","embeddable":true,"href":"https:\/\/lajverwine.com\/sr\/wp-json\/wp\/v2\/product_brand?post=126375"},{"taxonomy":"product_cat","embeddable":true,"href":"https:\/\/lajverwine.com\/sr\/wp-json\/wp\/v2\/product_cat?post=126375"},{"taxonomy":"product_tag","embeddable":true,"href":"https:\/\/lajverwine.com\/sr\/wp-json\/wp\/v2\/product_tag?post=126375"}],"curies":[{"name":"wp","href":"https:\/\/api.w.org\/{rel}","templated":true}]}}