{"id":129872,"date":"2019-08-22T10:14:59","date_gmt":"2019-08-22T09:14:59","guid":{"rendered":"https:\/\/lajverwine.com\/termek\/lajver-sound-cuvee-2020\/"},"modified":"2022-12-23T15:23:17","modified_gmt":"2022-12-23T14:23:17","slug":"lajver-sound-cuvee-2021","status":"publish","type":"product","link":"https:\/\/lajverwine.com\/sr\/termek\/lajver-sound-cuvee-2021\/","title":{"rendered":"Lajver Sound Cuvee 2021"},"content":{"rendered":"<div class=\"wpb-content-wrapper\"><p>[vc_row][vc_column][vc_column_text]<\/p>\n<p aria-level=\"3\"><b><span data-contrast=\"none\">O VINU<\/span><\/b><span data-ccp-props=\"{&quot;201341983&quot;:0,&quot;335559738&quot;:40,&quot;335559739&quot;:0,&quot;335559740&quot;:240}\">\u00a0<\/span><\/p>\n<p aria-level=\"3\"><span data-contrast=\"none\">Istovremeno zeleno i vo\u0107no, sve\u017ee, hrskavo, sa sve\u017einom koju skoro da mo\u017eete da zagrizete. Kao kad \u0161etate pijacom izme\u0111u gajbi prepunih vo\u0107a. U gutljaju cvetaju \u017eivahne, poletne kiseline, pojavljuje se so\u010dnost i elan.\u202f\u017divahno vino, koje priziva leto, tra\u017ei terasu, udobnu stolicu, dobro dru\u0161tvo, gde \u0107e jedna fla\u0161a biti uvek premalo.\u202f<\/span><span data-ccp-props=\"{&quot;201341983&quot;:0,&quot;335551550&quot;:6,&quot;335551620&quot;:6,&quot;335559738&quot;:40,&quot;335559739&quot;:0,&quot;335559740&quot;:240}\">\u00a0<\/span><\/p>\n<p aria-level=\"3\"><b><span data-contrast=\"none\">Kako se pravi?<\/span><\/b><span data-ccp-props=\"{&quot;201341983&quot;:0,&quot;335559738&quot;:40,&quot;335559739&quot;:0,&quot;335559740&quot;:240}\">\u00a0<\/span><\/p>\n<p aria-level=\"3\"><span data-contrast=\"none\">Ru\u010dno biranje grozdova. U ner\u0111aju\u0107em rezervoaru, po sorti sa alkoholnom fermentacijom u reduktivnom prostoru.\u202fPosle odvojenog sazrevanja ukr\u0161tamo da bismo prona\u0161li najbolju harmoniju ukusa i aroma.\u202f<\/span><span data-ccp-props=\"{&quot;201341983&quot;:0,&quot;335551550&quot;:6,&quot;335551620&quot;:6,&quot;335559738&quot;:40,&quot;335559739&quot;:0,&quot;335559740&quot;:240}\">\u00a0<\/span><\/p>\n<p>[\/vc_column_text][\/vc_column][\/vc_row]<\/p>\n<\/div>","protected":false},"excerpt":{"rendered":"<p><span class=\"TextRun Highlight SCXW18776757 BCX9\" lang=\"HU-HU\" xml:lang=\"HU-HU\" data-contrast=\"none\"><span class=\"NormalTextRun SCXW18776757 BCX9\" data-ccp-parastyle=\"heading 2\">PANONSKO SUVO BELO PENU\u0160AVO VINO SA OZNAKOM GEOGRAFSKE ZA\u0160TITE POREKLA\u202f<\/span><\/span><span class=\"EOP SCXW18776757 BCX9\" data-ccp-props=\"{&quot;134233117&quot;:true,&quot;134233118&quot;:true,&quot;201341983&quot;:0,&quot;335559740&quot;:240}\">\u00a0<\/span><\/p>\n","protected":false},"featured_media":131747,"template":"","meta":{"_acf_changed":false},"product_brand":[],"product_cat":[152,122,137],"product_tag":[],"class_list":{"0":"post-129872","1":"product","2":"type-product","3":"status-publish","4":"has-post-thumbnail","6":"product_cat-szaraz-feher-sr","7":"product_cat-ajanlatunk-sr","8":"product_cat-kiemelt-termekek-sr","10":"first","11":"instock","12":"shipping-taxable","13":"purchasable","14":"product-type-simple"},"acf":[],"_links":{"self":[{"href":"https:\/\/lajverwine.com\/sr\/wp-json\/wp\/v2\/product\/129872","targetHints":{"allow":["GET"]}}],"collection":[{"href":"https:\/\/lajverwine.com\/sr\/wp-json\/wp\/v2\/product"}],"about":[{"href":"https:\/\/lajverwine.com\/sr\/wp-json\/wp\/v2\/types\/product"}],"wp:featuredmedia":[{"embeddable":true,"href":"https:\/\/lajverwine.com\/sr\/wp-json\/wp\/v2\/media\/131747"}],"wp:attachment":[{"href":"https:\/\/lajverwine.com\/sr\/wp-json\/wp\/v2\/media?parent=129872"}],"wp:term":[{"taxonomy":"product_brand","embeddable":true,"href":"https:\/\/lajverwine.com\/sr\/wp-json\/wp\/v2\/product_brand?post=129872"},{"taxonomy":"product_cat","embeddable":true,"href":"https:\/\/lajverwine.com\/sr\/wp-json\/wp\/v2\/product_cat?post=129872"},{"taxonomy":"product_tag","embeddable":true,"href":"https:\/\/lajverwine.com\/sr\/wp-json\/wp\/v2\/product_tag?post=129872"}],"curies":[{"name":"wp","href":"https:\/\/api.w.org\/{rel}","templated":true}]}}